{"id":4134,"date":"2018-01-13T22:16:08","date_gmt":"2018-01-13T22:16:08","guid":{"rendered":"http:\/\/azrielifoundation.org\/?page_id=102"},"modified":"2020-02-18T14:09:08","modified_gmt":"2020-02-18T14:09:08","slug":"nosactualitesetevenements","status":"publish","type":"page","link":"https:\/\/azrielifoundation.org\/fr\/nosactualitesetevenements\/","title":{"rendered":"Nos actualit\u00e9s et \u00e9v\u00e9nements"},"content":{"rendered":"\n<style type=\"text\/css\" data-created_by=\"avia_inline_auto\" id=\"style-css-av-11jdzsm-d1c63a5f7b1982b2c55521fb23363963\">\n.avia-section.av-11jdzsm-d1c63a5f7b1982b2c55521fb23363963{\nbackground-color:#287cad;\nbackground-image:unset;\n}\n<\/style>\n<div id='av_section_1'  class='avia-section av-11jdzsm-d1c63a5f7b1982b2c55521fb23363963 main_color avia-section-default avia-no-border-styling  avia-builder-el-0  el_before_av_section  avia-builder-el-first  azf-color-section av-desktop-hide av-medium-hide av-small-hide av-mini-hide avia-bg-style-scroll container_wrap sidebar_right'  ><div class='container av-section-cont-open' ><main  role=\"main\" itemprop=\"mainContentOfPage\"  class='template-page content  av-content-small alpha units'><div class='post-entry post-entry-type-page post-entry-4134'><div class='entry-content-wrapper clearfix'>\n\n<style type=\"text\/css\" data-created_by=\"avia_inline_auto\" id=\"style-css-av-zomnqe-0ebd59cb0141f9da49d2e293bbe5b54f\">\n.flex_column.av-zomnqe-0ebd59cb0141f9da49d2e293bbe5b54f{\nborder-radius:0px 0px 0px 0px;\npadding:0px 0px 0px 0px;\n}\n<\/style>\n<div  class='flex_column av-zomnqe-0ebd59cb0141f9da49d2e293bbe5b54f av_one_full  avia-builder-el-1  avia-builder-el-no-sibling  azf-color-section--blue first flex_column_div av-zero-column-padding  '     ><section  class='av_textblock_section av-3ervue-590c236e5041df2947eaf0be9d1e1169 '   itemscope=\"itemscope\" itemtype=\"https:\/\/schema.org\/CreativeWork\" ><div class='avia_textblock'  itemprop=\"text\" ><h1 style=\"text-align: left;\">Nos actualit\u00e9s et \u00e9v\u00e9nements<\/h1>\n<\/div><\/section><br \/>\n<section  class='av_textblock_section av-39z4pi-a10066cd566d36430898b09e16dc8ec6 '   itemscope=\"itemscope\" itemtype=\"https:\/\/schema.org\/CreativeWork\" ><div class='av-small-hide av-mini-hide avia_textblock'  itemprop=\"text\" ><p>[layerslider id=&#8221;1&#8243;]<\/p>\n<\/div><\/section><\/p><\/div>\n\n<\/div><\/div><\/main><!-- close content main element --><\/div><\/div>\n<style type=\"text\/css\" data-created_by=\"avia_inline_auto\" id=\"style-css-av-u1d9t2-c30c0facc90b02bd42bf5b8d5f37e986\">\n.avia-section.av-u1d9t2-c30c0facc90b02bd42bf5b8d5f37e986{\nbackground-color:#287cad;\nbackground-image:unset;\n}\n<\/style>\n<div id='av_section_2'  class='avia-section av-u1d9t2-c30c0facc90b02bd42bf5b8d5f37e986 main_color avia-section-default avia-no-border-styling  avia-builder-el-4  el_after_av_section  el_before_av_slideshow_full  azf-color-section avia-bg-style-scroll container_wrap sidebar_right'  ><div class='container av-section-cont-open' ><div class='template-page content  av-content-small alpha units'><div class='post-entry post-entry-type-page post-entry-4134'><div class='entry-content-wrapper clearfix'>\n\n<style type=\"text\/css\" data-created_by=\"avia_inline_auto\" id=\"style-css-av-sbcz5i-c4ce543c20950e43a5163712e4682bcd\">\n.flex_column.av-sbcz5i-c4ce543c20950e43a5163712e4682bcd{\nborder-radius:0px 0px 0px 0px;\npadding:0px 0px 0px 0px;\n}\n<\/style>\n<div  class='flex_column av-sbcz5i-c4ce543c20950e43a5163712e4682bcd av_one_full  avia-builder-el-5  el_before_av_one_half  avia-builder-el-first  azf-color-section--blue first flex_column_div av-zero-column-padding  '     ><section  class='av_textblock_section av-rgi2va-799eddda9acc25479ee517ca42eed6e9 '   itemscope=\"itemscope\" itemtype=\"https:\/\/schema.org\/CreativeWork\" ><div class='avia_textblock small-margin'  itemprop=\"text\" ><h1 style=\"text-align: left;\">Nos actualit\u00e9s et \u00e9v\u00e9nements<\/h1>\n<\/div><\/section><\/div>\n<style type=\"text\/css\" data-created_by=\"avia_inline_auto\" id=\"style-css-av-pia02e-99e15d67351d6879af29f53b44207159\">\n.flex_column.av-pia02e-99e15d67351d6879af29f53b44207159{\nborder-radius:0px 0px 0px 0px;\npadding:0px 0px 0px 0px;\n}\n<\/style>\n<div  class='flex_column av-pia02e-99e15d67351d6879af29f53b44207159 av_one_half  avia-builder-el-7  el_after_av_one_full  el_before_av_one_half  first flex_column_div av-zero-column-padding  column-top-margin'     ><style type=\"text\/css\" data-created_by=\"avia_inline_auto\" id=\"style-css-av-ocu8d2-fcc054d762a4d0d808ca36171e58c9f3\">\n.avia-image-container.av-ocu8d2-fcc054d762a4d0d808ca36171e58c9f3 img.avia_image{\nbox-shadow:none;\n}\n.avia-image-container.av-ocu8d2-fcc054d762a4d0d808ca36171e58c9f3 .av-image-caption-overlay-center{\ncolor:#ffffff;\n}\n<\/style>\n<div  class='avia-image-container av-ocu8d2-fcc054d762a4d0d808ca36171e58c9f3 av-styling- av-img-linked avia-align-center  avia-builder-el-8  avia-builder-el-no-sibling '   itemprop=\"image\" itemscope=\"itemscope\" itemtype=\"https:\/\/schema.org\/ImageObject\" ><div class=\"avia-image-container-inner\"><div class=\"avia-image-overlay-wrap\"><a href=\"http:\/\/www.camh.ca\/fr\/hospital\/Pages\/Home.aspx\" class='avia_image '  target=\"_blank\"  rel=\"noopener noreferrer\" aria-label='Foundation-Timeline_IMG7_medium'><img decoding=\"async\" fetchpriority=\"high\" class='wp-image-2061 avia-img-lazy-loading-not-2061 avia_image ' src=\"https:\/\/azrielifoundation.org\/fr\/wp-content\/uploads\/2018\/02\/Foundation-Timeline_IMG7_medium-300x200.jpg\" alt='violin' title='Foundation-Timeline_IMG7_medium'  height=\"200\" width=\"300\"  itemprop=\"thumbnailUrl\" srcset=\"https:\/\/azrielifoundation.org\/fr\/wp-content\/uploads\/2018\/02\/Foundation-Timeline_IMG7_medium-300x200.jpg 300w, https:\/\/azrielifoundation.org\/fr\/wp-content\/uploads\/2018\/02\/Foundation-Timeline_IMG7_medium-24x16.jpg 24w, https:\/\/azrielifoundation.org\/fr\/wp-content\/uploads\/2018\/02\/Foundation-Timeline_IMG7_medium-36x24.jpg 36w, https:\/\/azrielifoundation.org\/fr\/wp-content\/uploads\/2018\/02\/Foundation-Timeline_IMG7_medium-48x32.jpg 48w, https:\/\/azrielifoundation.org\/fr\/wp-content\/uploads\/2018\/02\/Foundation-Timeline_IMG7_medium-450x300.jpg 450w, https:\/\/azrielifoundation.org\/fr\/wp-content\/uploads\/2018\/02\/Foundation-Timeline_IMG7_medium.jpg 555w\" sizes=\"(max-width: 300px) 100vw, 300px\" \/><\/a><\/div><\/div><\/div><\/div>\n<style type=\"text\/css\" data-created_by=\"avia_inline_auto\" id=\"style-css-av-lqiqpi-2063626e30bc0b06ab8614381f396110\">\n.flex_column.av-lqiqpi-2063626e30bc0b06ab8614381f396110{\nborder-radius:0px 0px 0px 0px;\npadding:0px 0px 0px 0px;\n}\n<\/style>\n<div  class='flex_column av-lqiqpi-2063626e30bc0b06ab8614381f396110 av_one_half  avia-builder-el-9  el_after_av_one_half  avia-builder-el-last  flex_column_div av-zero-column-padding  column-top-margin'     ><section  class='av_textblock_section av-kal3ly-87d402c3295198b1cc136b927d0b0e71 '   itemscope=\"itemscope\" itemtype=\"https:\/\/schema.org\/CreativeWork\" ><div class='avia_textblock small-margin'  itemprop=\"text\" ><h3><a href=\"https:\/\/theazrielifoundationfr.kinsta.cloud\/nosaxesprioritaires\/musique-arts\/pam\/fonds-daide-a-la-production\/\">Fonds d\u2019aide \u00e0 la production des Prix Azrieli de musique<\/a><\/h3>\n<\/div><\/section><br \/>\n<section  class='av_textblock_section av-j0okva-4081d0e56c3498222ad7d4f4265ba7a9 '   itemscope=\"itemscope\" itemtype=\"https:\/\/schema.org\/CreativeWork\" ><div class='avia_textblock p-small'  itemprop=\"text\" ><p>Le Fonds d\u2019aide \u00e0 la production des Prix Azrieli de musique (FAP-PAM) appuie les ensembles musicaux professionnels du monde entier en vue de la pr\u00e9paration et de la pr\u00e9sentation de performances publiques de haut calibre des \u0153uvres prim\u00e9es lors des PAM.<\/p>\n<\/div><\/section><br \/>\n<div  class='avia-button-wrap av-h4hl8m-b45186d91f7e22763e83f71a5fc33ece-wrap avia-button-left  avia-builder-el-12  el_after_av_textblock  avia-builder-el-last '>\n<style type=\"text\/css\" data-created_by=\"avia_inline_auto\" id=\"style-css-av-h4hl8m-b45186d91f7e22763e83f71a5fc33ece\">\n#top #wrap_all .avia-button.av-h4hl8m-b45186d91f7e22763e83f71a5fc33ece{\nbackground-color:#ffffff;\nborder-color:#ffffff;\ncolor:#287cad;\ntransition:all 0.4s ease-in-out;\n}\n#top #wrap_all .avia-button.av-h4hl8m-b45186d91f7e22763e83f71a5fc33ece .avia-svg-icon svg:first-child{\nfill:#287cad;\nstroke:#287cad;\n}\n<\/style>\n<a href='http:\/\/https:\/\/theazrielifoundationfr.kinsta.cloud\/nosaxesprioritaires\/musique-arts\/pam\/fonds-daide-a-la-production\/'  class='avia-button av-h4hl8m-b45186d91f7e22763e83f71a5fc33ece av-link-btn avia-icon_select-no avia-size-medium avia-position-left'  target=\"_blank\"  rel=\"noopener noreferrer\"  aria-label=\"En savoir plus \"><span class='avia_iconbox_title' >En savoir plus <\/span><\/a><\/div><\/p><\/div><\/div><\/div><\/div><!-- close content main div --><\/div><\/div><div id='full_slider_1'  class='avia-fullwidth-slider main_color avia-shadow   avia-builder-el-13  el_after_av_section  el_before_av_section   slider-not-first container_wrap sidebar_right'  ><div  class='avia-slideshow av-ggjbkm-62317299162d29a49b8670f9bcf295c6 avia-slideshow-no scaling av_slideshow_full avia-slide-slider av-slideshow-ui av-control-default av-slideshow-manual av-loop-once av-loop-manual-endless av-default-height-applied   avia-slideshow-1' data-slideshow-options=\"{&quot;animation&quot;:&quot;slide&quot;,&quot;autoplay&quot;:false,&quot;loop_autoplay&quot;:&quot;once&quot;,&quot;interval&quot;:5,&quot;loop_manual&quot;:&quot;manual-endless&quot;,&quot;autoplay_stopper&quot;:false,&quot;noNavigation&quot;:false,&quot;bg_slider&quot;:false,&quot;keep_padding&quot;:false,&quot;hoverpause&quot;:false,&quot;show_slide_delay&quot;:0}\"  itemprop=\"image\" itemscope=\"itemscope\" itemtype=\"https:\/\/schema.org\/ImageObject\" ><ul class='avia-slideshow-inner ' style='padding-bottom: 3.719512195122%;'><li  class='avia-slideshow-slide av-ggjbkm-62317299162d29a49b8670f9bcf295c6__0  av-single-slide slide-1 slide-odd'><div data-rel='slideshow-1' class='avia-slide-wrap '   ><img decoding=\"async\" fetchpriority=\"high\" class=\"wp-image-421 avia-img-lazy-loading-not-421\"  src=\"https:\/\/azrielifoundation.org\/fr\/wp-content\/uploads\/2018\/01\/blue-angle-break.png\" width=\"1640\" height=\"61\" title='blue-angle-break' alt=''  itemprop=\"thumbnailUrl\" srcset=\"https:\/\/azrielifoundation.org\/fr\/wp-content\/uploads\/2018\/01\/blue-angle-break.png 1640w, https:\/\/azrielifoundation.org\/fr\/wp-content\/uploads\/2018\/01\/blue-angle-break-300x11.png 300w, https:\/\/azrielifoundation.org\/fr\/wp-content\/uploads\/2018\/01\/blue-angle-break-768x29.png 768w, https:\/\/azrielifoundation.org\/fr\/wp-content\/uploads\/2018\/01\/blue-angle-break-1030x38.png 1030w, https:\/\/azrielifoundation.org\/fr\/wp-content\/uploads\/2018\/01\/blue-angle-break-1536x57.png 1536w, https:\/\/azrielifoundation.org\/fr\/wp-content\/uploads\/2018\/01\/blue-angle-break-1500x56.png 1500w, https:\/\/azrielifoundation.org\/fr\/wp-content\/uploads\/2018\/01\/blue-angle-break-705x26.png 705w, https:\/\/azrielifoundation.org\/fr\/wp-content\/uploads\/2018\/01\/blue-angle-break-450x17.png 450w, https:\/\/azrielifoundation.org\/fr\/wp-content\/uploads\/2018\/01\/blue-angle-break-24x1.png 24w, https:\/\/azrielifoundation.org\/fr\/wp-content\/uploads\/2018\/01\/blue-angle-break-36x1.png 36w, https:\/\/azrielifoundation.org\/fr\/wp-content\/uploads\/2018\/01\/blue-angle-break-48x2.png 48w\" sizes=\"(max-width: 1640px) 100vw, 1640px\" \/><\/div><\/li><\/ul><\/div><\/div><\/p>\n\n<style type=\"text\/css\" data-created_by=\"avia_inline_auto\" id=\"style-css-av-cvhtx2-80ef2af883345b46cc1f9c273d20505b\">\n.avia-section.av-cvhtx2-80ef2af883345b46cc1f9c273d20505b{\nbackground-color:#ffffff;\nbackground-image:unset;\n}\n<\/style>\n<div id='av_section_3'  class='avia-section av-cvhtx2-80ef2af883345b46cc1f9c273d20505b main_color avia-section-no-padding avia-no-border-styling  avia-builder-el-14  el_after_av_slideshow_full  el_before_av_section  azf-color-section-light avia-bg-style-scroll container_wrap sidebar_right'  ><div class='container av-section-cont-open' ><div class='template-page content  av-content-small alpha units'><div class='post-entry post-entry-type-page post-entry-4134'><div class='entry-content-wrapper clearfix'>\n\n<style type=\"text\/css\" data-created_by=\"avia_inline_auto\" id=\"style-css-av-aaicnq-d87ea0018bc906a638cf31dc4b174122\">\n.flex_column.av-aaicnq-d87ea0018bc906a638cf31dc4b174122{\nborder-radius:0px 0px 0px 0px;\npadding:0px 0px 0px 0px;\n}\n<\/style>\n<div  class='flex_column av-aaicnq-d87ea0018bc906a638cf31dc4b174122 av_one_full  avia-builder-el-15  avia-builder-el-no-sibling  azf-color-section--white first flex_column_div av-zero-column-padding  '     ><section  class='av_textblock_section av-wg7nq-b031a55e45e2e9a2f8ede2c4e7a236bf '   itemscope=\"itemscope\" itemtype=\"https:\/\/schema.org\/CreativeWork\" ><div class='avia_textblock'  itemprop=\"text\" ><h2>Nos actualit\u00e9s et \u00e9v\u00e9nements<\/h2>\n<\/div><\/section><br \/>\n<\/p><\/div>\n\n<\/div><\/div><\/div><!-- close content main div --><\/div><\/div>\n<style type=\"text\/css\" data-created_by=\"avia_inline_auto\" id=\"style-css-av-6hqnkm-8f542dd1e94b9d105c744134243d9719\">\n.avia-section.av-6hqnkm-8f542dd1e94b9d105c744134243d9719{\nbackground-color:#d4e5ef;\nbackground-image:unset;\n}\n<\/style>\n<div id='av_section_4'  class='avia-section av-6hqnkm-8f542dd1e94b9d105c744134243d9719 main_color avia-section-default avia-no-border-styling  avia-builder-el-18  el_after_av_section  avia-builder-el-last  azf-color-section avia-bg-style-scroll container_wrap sidebar_right'  ><div class='container av-section-cont-open' ><div class='template-page content  av-content-small alpha units'><div class='post-entry post-entry-type-page post-entry-4134'><div class='entry-content-wrapper clearfix'>\n\n<style type=\"text\/css\" data-created_by=\"avia_inline_auto\" id=\"style-css-av-4vztly-48c3e5c905a5a1c4315b84c2b5b7b288\">\n.flex_column.av-4vztly-48c3e5c905a5a1c4315b84c2b5b7b288{\nborder-radius:0px 0px 0px 0px;\npadding:0px 0px 0px 0px;\n}\n<\/style>\n<div  class='flex_column av-4vztly-48c3e5c905a5a1c4315b84c2b5b7b288 av_one_full  avia-builder-el-19  avia-builder-el-no-sibling  azf-color-section--white first flex_column_div av-zero-column-padding  '     ><\/div>\n<\/div><\/div><\/div><!-- close content main div --><\/div><\/div><div id='after_section_4'  class='main_color av_default_container_wrap container_wrap sidebar_right'  ><div class='container av-section-cont-open' ><div class='template-page content  av-content-small alpha units'><div class='post-entry post-entry-type-page post-entry-4134'><div class='entry-content-wrapper clearfix'>\n","protected":false},"excerpt":{"rendered":"","protected":false},"author":8,"featured_media":0,"parent":0,"menu_order":0,"comment_status":"closed","ping_status":"closed","template":"","meta":{"_acf_changed":false,"inline_featured_image":false,"footnotes":""},"class_list":["post-4134","page","type-page","status-publish","hentry"],"acf":[],"yoast_head":"<!-- This site is optimized with the Yoast SEO plugin v27.3 - https:\/\/yoast.com\/product\/yoast-seo-wordpress\/ -->\n<title>Nos actualit\u00e9s et \u00e9v\u00e9nements - The Azrieli Foundation<\/title>\n<meta name=\"robots\" content=\"index, follow, max-snippet:-1, max-image-preview:large, max-video-preview:-1\" \/>\n<link rel=\"canonical\" href=\"https:\/\/azrielifoundation.org\/fr\/nosactualitesetevenements\/\" \/>\n<meta property=\"og:locale\" content=\"en_US\" \/>\n<meta property=\"og:type\" content=\"article\" \/>\n<meta property=\"og:title\" content=\"Nos actualit\u00e9s et \u00e9v\u00e9nements - The Azrieli Foundation\" \/>\n<meta property=\"og:url\" content=\"https:\/\/azrielifoundation.org\/fr\/nosactualitesetevenements\/\" \/>\n<meta property=\"og:site_name\" content=\"The Azrieli Foundation\" \/>\n<meta property=\"article:modified_time\" content=\"2020-02-18T14:09:08+00:00\" \/>\n<meta name=\"twitter:card\" content=\"summary_large_image\" \/>\n<meta name=\"twitter:label1\" content=\"Est. reading time\" \/>\n\t<meta name=\"twitter:data1\" content=\"7 minutes\" \/>\n<script type=\"application\/ld+json\" class=\"yoast-schema-graph\">{\"@context\":\"https:\\\/\\\/schema.org\",\"@graph\":[{\"@type\":\"WebPage\",\"@id\":\"https:\\\/\\\/azrielifoundation.org\\\/fr\\\/nosactualitesetevenements\\\/\",\"url\":\"https:\\\/\\\/azrielifoundation.org\\\/fr\\\/nosactualitesetevenements\\\/\",\"name\":\"Nos actualit\u00e9s et \u00e9v\u00e9nements - The Azrieli Foundation\",\"isPartOf\":{\"@id\":\"https:\\\/\\\/azrielifoundation.org\\\/fr\\\/#website\"},\"datePublished\":\"2018-01-13T22:16:08+00:00\",\"dateModified\":\"2020-02-18T14:09:08+00:00\",\"breadcrumb\":{\"@id\":\"https:\\\/\\\/azrielifoundation.org\\\/fr\\\/nosactualitesetevenements\\\/#breadcrumb\"},\"inLanguage\":\"en-US\",\"potentialAction\":[{\"@type\":\"ReadAction\",\"target\":[\"https:\\\/\\\/azrielifoundation.org\\\/fr\\\/nosactualitesetevenements\\\/\"]}]},{\"@type\":\"BreadcrumbList\",\"@id\":\"https:\\\/\\\/azrielifoundation.org\\\/fr\\\/nosactualitesetevenements\\\/#breadcrumb\",\"itemListElement\":[{\"@type\":\"ListItem\",\"position\":1,\"name\":\"Home\",\"item\":\"https:\\\/\\\/azrielifoundation.org\\\/fr\\\/\"},{\"@type\":\"ListItem\",\"position\":2,\"name\":\"Nos actualit\u00e9s et \u00e9v\u00e9nements\"}]},{\"@type\":\"WebSite\",\"@id\":\"https:\\\/\\\/azrielifoundation.org\\\/fr\\\/#website\",\"url\":\"https:\\\/\\\/azrielifoundation.org\\\/fr\\\/\",\"name\":\"The Azrieli Foundation\",\"description\":\"\",\"potentialAction\":[{\"@type\":\"SearchAction\",\"target\":{\"@type\":\"EntryPoint\",\"urlTemplate\":\"https:\\\/\\\/azrielifoundation.org\\\/fr\\\/?s={search_term_string}\"},\"query-input\":{\"@type\":\"PropertyValueSpecification\",\"valueRequired\":true,\"valueName\":\"search_term_string\"}}],\"inLanguage\":\"en-US\"}]}<\/script>\n<!-- \/ Yoast SEO plugin. -->","yoast_head_json":{"title":"Nos actualit\u00e9s et \u00e9v\u00e9nements - The Azrieli Foundation","robots":{"index":"index","follow":"follow","max-snippet":"max-snippet:-1","max-image-preview":"max-image-preview:large","max-video-preview":"max-video-preview:-1"},"canonical":"https:\/\/azrielifoundation.org\/fr\/nosactualitesetevenements\/","og_locale":"en_US","og_type":"article","og_title":"Nos actualit\u00e9s et \u00e9v\u00e9nements - The Azrieli Foundation","og_url":"https:\/\/azrielifoundation.org\/fr\/nosactualitesetevenements\/","og_site_name":"The Azrieli Foundation","article_modified_time":"2020-02-18T14:09:08+00:00","twitter_card":"summary_large_image","twitter_misc":{"Est. reading time":"7 minutes"},"schema":{"@context":"https:\/\/schema.org","@graph":[{"@type":"WebPage","@id":"https:\/\/azrielifoundation.org\/fr\/nosactualitesetevenements\/","url":"https:\/\/azrielifoundation.org\/fr\/nosactualitesetevenements\/","name":"Nos actualit\u00e9s et \u00e9v\u00e9nements - The Azrieli Foundation","isPartOf":{"@id":"https:\/\/azrielifoundation.org\/fr\/#website"},"datePublished":"2018-01-13T22:16:08+00:00","dateModified":"2020-02-18T14:09:08+00:00","breadcrumb":{"@id":"https:\/\/azrielifoundation.org\/fr\/nosactualitesetevenements\/#breadcrumb"},"inLanguage":"en-US","potentialAction":[{"@type":"ReadAction","target":["https:\/\/azrielifoundation.org\/fr\/nosactualitesetevenements\/"]}]},{"@type":"BreadcrumbList","@id":"https:\/\/azrielifoundation.org\/fr\/nosactualitesetevenements\/#breadcrumb","itemListElement":[{"@type":"ListItem","position":1,"name":"Home","item":"https:\/\/azrielifoundation.org\/fr\/"},{"@type":"ListItem","position":2,"name":"Nos actualit\u00e9s et \u00e9v\u00e9nements"}]},{"@type":"WebSite","@id":"https:\/\/azrielifoundation.org\/fr\/#website","url":"https:\/\/azrielifoundation.org\/fr\/","name":"The Azrieli Foundation","description":"","potentialAction":[{"@type":"SearchAction","target":{"@type":"EntryPoint","urlTemplate":"https:\/\/azrielifoundation.org\/fr\/?s={search_term_string}"},"query-input":{"@type":"PropertyValueSpecification","valueRequired":true,"valueName":"search_term_string"}}],"inLanguage":"en-US"}]}},"_links":{"self":[{"href":"https:\/\/azrielifoundation.org\/fr\/wp-json\/wp\/v2\/pages\/4134","targetHints":{"allow":["GET"]}}],"collection":[{"href":"https:\/\/azrielifoundation.org\/fr\/wp-json\/wp\/v2\/pages"}],"about":[{"href":"https:\/\/azrielifoundation.org\/fr\/wp-json\/wp\/v2\/types\/page"}],"author":[{"embeddable":true,"href":"https:\/\/azrielifoundation.org\/fr\/wp-json\/wp\/v2\/users\/8"}],"replies":[{"embeddable":true,"href":"https:\/\/azrielifoundation.org\/fr\/wp-json\/wp\/v2\/comments?post=4134"}],"version-history":[{"count":9,"href":"https:\/\/azrielifoundation.org\/fr\/wp-json\/wp\/v2\/pages\/4134\/revisions"}],"predecessor-version":[{"id":25985,"href":"https:\/\/azrielifoundation.org\/fr\/wp-json\/wp\/v2\/pages\/4134\/revisions\/25985"}],"wp:attachment":[{"href":"https:\/\/azrielifoundation.org\/fr\/wp-json\/wp\/v2\/media?parent=4134"}],"curies":[{"name":"wp","href":"https:\/\/api.w.org\/{rel}","templated":true}]}}