{"id":4130,"date":"2018-01-13T22:15:02","date_gmt":"2018-01-13T22:15:02","guid":{"rendered":"http:\/\/azrielifoundation.org\/?page_id=88"},"modified":"2025-01-15T13:44:52","modified_gmt":"2025-01-15T13:44:52","slug":"notremission","status":"publish","type":"page","link":"https:\/\/azrielifoundation.org\/fr\/histoire\/notremission\/","title":{"rendered":"Notre mission"},"content":{"rendered":"<div id='av_section_1'  class='avia-section av-ft3hhe-2ee05973ce761c237990c9401cc051a5 main_color avia-section-default avia-no-shadow  avia-builder-el-0  avia-builder-el-no-sibling  azf-page-content avia-bg-style-scroll container_wrap sidebar_right'  ><div class='container av-section-cont-open' ><main  role=\"main\" itemprop=\"mainContentOfPage\"  class='template-page content  av-content-small alpha units'><div class='post-entry post-entry-type-page post-entry-4130'><div class='entry-content-wrapper clearfix'>\n\n<style type=\"text\/css\" data-created_by=\"avia_inline_auto\" id=\"style-css-av-1fhvaq-92e22e14840a8020013a23d3e3ebaa0a\">\n.flex_column.av-1fhvaq-92e22e14840a8020013a23d3e3ebaa0a{\nborder-radius:0px 0px 0px 0px;\npadding:0px 0px 0px 0px;\n}\n<\/style>\n<div  class='flex_column av-1fhvaq-92e22e14840a8020013a23d3e3ebaa0a av_one_full  avia-builder-el-1  el_before_av_one_full  avia-builder-el-first  first flex_column_div av-zero-column-padding  '     ><section  class='av_textblock_section av-17mayq-82e1aca8f601aedb656cde88d6650d23 '   itemscope=\"itemscope\" itemtype=\"https:\/\/schema.org\/CreativeWork\" ><div class='avia_textblock'  itemprop=\"text\" ><h1>Notre mission, vision et <span lang=\"fr-CA\">valeurs<\/span><\/h1>\n<\/div><\/section><\/div>\n<style type=\"text\/css\" data-created_by=\"avia_inline_auto\" id=\"style-css-av-ad5qaq-e35c1a28a07f2bc8aa486de296947322\">\n.flex_column.av-ad5qaq-e35c1a28a07f2bc8aa486de296947322{\nborder-radius:0px 0px 0px 0px;\npadding:0px 0px 0px 0px;\n}\n<\/style>\n<div  class='flex_column av-ad5qaq-e35c1a28a07f2bc8aa486de296947322 av_one_full  avia-builder-el-3  el_after_av_one_full  avia-builder-el-last  first flex_column_div av-zero-column-padding  column-top-margin'     ><section  class='av_textblock_section av-8mui4i-50c1e20b4711be4d36f639df4703f807 '   itemscope=\"itemscope\" itemtype=\"https:\/\/schema.org\/CreativeWork\" ><div class='avia_textblock'  itemprop=\"text\" ><p><b><span lang=\"fr-CA\">Notre mission<\/span><\/b><\/p>\n<p>Inspir\u00e9e par les valeurs juives, ainsi que par l\u2019esprit visionnaire et la t\u00e9nacit\u00e9 de son fondateur David J. Azrieli\u00a0<em>z\u201dl<\/em>, la Fondation Azrieli m\u00e8ne une action philanthropique qui a pour mission d\u2019am\u00e9liorer les vies des g\u00e9n\u00e9rations actuelles et futures \u00e0 travers l\u2019\u00e9ducation, la recherche, la sant\u00e9 et les arts, principalement au Canada et en Isra\u00ebl.<\/p>\n<p>La Fondation compte huit axes prioritaires : <a href=\"https:\/\/theazrielifoundationfr.kinsta.cloud\/nosaxesprioritaires\/education\/\" target=\"_blank\" rel=\"noopener\">l\u2019\u00e9ducation<\/a>,<a href=\"https:\/\/theazrielifoundationfr.kinsta.cloud\/nosaxesprioritaires\/bourses\/\" target=\"_blank\" rel=\"noopener\">\u00a0les bourses d\u2019\u00e9tudes<\/a>, <a href=\"https:\/\/theazrielifoundationfr.kinsta.cloud\/nosaxesprioritaires\/communaute\/\" target=\"_blank\" rel=\"noopener\">l&#8217;action communautaire<\/a>, <a href=\"https:\/\/theazrielifoundationfr.kinsta.cloud\/nosaxesprioritaires\/enseignement-holocauste\/\" target=\"_blank\" rel=\"noopener\">l&#8217;enseignement de l\u2019Holocauste<\/a>,<a href=\"https:\/\/theazrielifoundationfr.kinsta.cloud\/nosaxesprioritaires\/science-soinsdesante\/\" target=\"_blank\" rel=\"noopener\"> les sciences et les soins de sant\u00e9<\/a>,\u00a0<a href=\"https:\/\/theazrielifoundationfr.kinsta.cloud\/nosaxesprioritaires\/neurodeveloppement\/\" target=\"_blank\" rel=\"noopener\">les inititatives li\u00e9es neurod\u00e9veloppement et \u00e0 la neurodiversit\u00e9<\/a>,\u00a0<a href=\"https:\/\/theazrielifoundationfr.kinsta.cloud\/nosaxesprioritaires\/architecture-design-genie\/\" target=\"_blank\" rel=\"noopener\">l\u2019architecture, le design et\u00a0g\u00e9nie<\/a>, ainsi que <a href=\"https:\/\/theazrielifoundationfr.kinsta.cloud\/nosaxesprioritaires\/musique-arts-culture\/\" target=\"_blank\" rel=\"noopener\">la musique et les arts.<\/a> Ses activit\u00e9s sont destin\u00e9es \u00e0 un public, \u00e0 des terrains et \u00e0 des actions d&#8217;une grande diversit\u00e9.<\/p>\n<p><span lang=\"fr-CA\" data-olk-copy-source=\"MessageBody\">Outre des investissements philanthropiques strat\u00e9giques dans des organisations de tailles variables, la fondation a mis en \u0153uvre un certain nombre de programmes, dont\u00a0<a title=\"Original URL: https:\/\/azrielifoundation.org\/fellows\/. Click or tap if you trust this link.\" href=\"https:\/\/can01.safelinks.protection.outlook.com\/?url=https%3A%2F%2Fazrielifoundation.org%2Ffellows%2F&amp;data=05%7C02%7Cmish%40azrielifoundation.org%7C7332374debb745460bcd08dd34c76c73%7Cca70f49c413240388b913dd16482328a%7C0%7C0%7C638724753306437064%7CUnknown%7CTWFpbGZsb3d8eyJFbXB0eU1hcGkiOnRydWUsIlYiOiIwLjAuMDAwMCIsIlAiOiJXaW4zMiIsIkFOIjoiTWFpbCIsIldUIjoyfQ%3D%3D%7C0%7C%7C%7C&amp;sdata=bdMv81TAWlRQfls3r1NcmA2aV74CNEuAv9%2F53xJMxOo%3D&amp;reserved=0\" target=\"_blank\" rel=\"noopener noreferrer\" data-auth=\"Verified\" data-linkindex=\"0\">le\u00a0Programme de bourses Azrieli<\/a>,\u00a0<a title=\"Original URL: https:\/\/memoirs.azrielifoundation.org\/fr\/. Click or tap if you trust this link.\" href=\"https:\/\/can01.safelinks.protection.outlook.com\/?url=https%3A%2F%2Fmemoirs.azrielifoundation.org%2Ffr%2F&amp;data=05%7C02%7Cmish%40azrielifoundation.org%7C7332374debb745460bcd08dd34c76c73%7Cca70f49c413240388b913dd16482328a%7C0%7C0%7C638724753306478117%7CUnknown%7CTWFpbGZsb3d8eyJFbXB0eU1hcGkiOnRydWUsIlYiOiIwLjAuMDAwMCIsIlAiOiJXaW4zMiIsIkFOIjoiTWFpbCIsIldUIjoyfQ%3D%3D%7C0%7C%7C%7C&amp;sdata=1Cjoff1moW9v2ZG1hzwj4HxaJy2K2rsemP5xuu4Dy%2FE%3D&amp;reserved=0\" target=\"_blank\" rel=\"noopener noreferrer\" data-auth=\"Verified\" data-linkindex=\"1\">le Programme des m\u00e9moires de survivants de l\u2019Holocauste<\/a>, le Centre Azrieli pour la Musique, les Arts et la Culture, le\u00a0<a title=\"Original URL: https:\/\/canadiancaregiving.org\/fr\/. Click or tap if you trust this link.\" href=\"https:\/\/can01.safelinks.protection.outlook.com\/?url=https%3A%2F%2Fcanadiancaregiving.org%2Ffr%2F&amp;data=05%7C02%7Cmish%40azrielifoundation.org%7C7332374debb745460bcd08dd34c76c73%7Cca70f49c413240388b913dd16482328a%7C0%7C0%7C638724753306507594%7CUnknown%7CTWFpbGZsb3d8eyJFbXB0eU1hcGkiOnRydWUsIlYiOiIwLjAuMDAwMCIsIlAiOiJXaW4zMiIsIkFOIjoiTWFpbCIsIldUIjoyfQ%3D%3D%7C0%7C%7C%7C&amp;sdata=TGQKDa%2FVNWOxyfkLufIEyfJdqBQVz2bVKjRyjBwi2Z0%3D&amp;reserved=0\" target=\"_blank\" rel=\"noopener noreferrer\" data-auth=\"Verified\" data-linkindex=\"2\">Centre canadien d\u2019excellence pour les aidants<\/a>\u00a0et d&#8217;autres encore.\u00a0<\/span><\/p>\n<p><b><span lang=\"fr-CA\">Notre vision\u00a0\u00a0\u00a0<\/span><\/b><\/p>\n<p><span lang=\"fr-CA\">Se souvenir du pass\u00e9, gu\u00e9rir le pr\u00e9sent, am\u00e9liorer l\u2019avenir du peuple juif et de toute l\u2019humanit\u00e9.<\/span><\/p>\n<p><b><span lang=\"fr-CA\">Nos valeurs<\/span><\/b><span lang=\"fr-CA\">\u00a0\u00a0<\/span><\/p>\n<ul type=\"disc\">\n<li><span lang=\"fr-CA\">Int\u00e9grit\u00e9 et respect<\/span><\/li>\n<li><span lang=\"fr-CA\">Relever de grands d\u00e9fis<\/span><\/li>\n<li><span lang=\"fr-CA\">Excellence<\/span><\/li>\n<li><span lang=\"fr-CA\">Passion pour faire une diff\u00e9rence<\/span><\/li>\n<li><span lang=\"fr-CA\">Orientation vers les r\u00e9sultats<\/span><\/li>\n<li><span lang=\"fr-CA\">Impact durable<\/span><\/li>\n<\/ul>\n<\/div><\/section><\/div><\/div><\/div><\/main><!-- close content main element --><\/div><\/div><div id='after_section_1'  class='main_color av_default_container_wrap container_wrap sidebar_right'  ><div class='container av-section-cont-open' ><div class='template-page content  av-content-small alpha units'><div class='post-entry post-entry-type-page post-entry-4130'><div class='entry-content-wrapper clearfix'>\n","protected":false},"excerpt":{"rendered":"","protected":false},"author":8,"featured_media":0,"parent":4138,"menu_order":0,"comment_status":"closed","ping_status":"closed","template":"","meta":{"_acf_changed":false,"inline_featured_image":false,"footnotes":""},"class_list":["post-4130","page","type-page","status-publish","hentry"],"acf":[],"yoast_head":"<!-- This site is optimized with the Yoast SEO plugin v27.1.1 - https:\/\/yoast.com\/product\/yoast-seo-wordpress\/ -->\n<title>Notre mission - The Azrieli Foundation<\/title>\n<meta name=\"robots\" content=\"index, follow, max-snippet:-1, max-image-preview:large, max-video-preview:-1\" \/>\n<link rel=\"canonical\" href=\"https:\/\/azrielifoundation.org\/fr\/histoire\/notremission\/\" \/>\n<meta property=\"og:locale\" content=\"en_US\" \/>\n<meta property=\"og:type\" content=\"article\" \/>\n<meta property=\"og:title\" content=\"Notre mission - The Azrieli Foundation\" \/>\n<meta property=\"og:url\" content=\"https:\/\/azrielifoundation.org\/fr\/histoire\/notremission\/\" \/>\n<meta property=\"og:site_name\" content=\"The Azrieli Foundation\" \/>\n<meta property=\"article:modified_time\" content=\"2025-01-15T13:44:52+00:00\" \/>\n<meta name=\"twitter:card\" content=\"summary_large_image\" \/>\n<meta name=\"twitter:label1\" content=\"Est. reading time\" \/>\n\t<meta name=\"twitter:data1\" content=\"1 minute\" \/>\n<script type=\"application\/ld+json\" class=\"yoast-schema-graph\">{\"@context\":\"https:\/\/schema.org\",\"@graph\":[{\"@type\":\"WebPage\",\"@id\":\"https:\/\/azrielifoundation.org\/fr\/histoire\/notremission\/\",\"url\":\"https:\/\/azrielifoundation.org\/fr\/histoire\/notremission\/\",\"name\":\"Notre mission - The Azrieli Foundation\",\"isPartOf\":{\"@id\":\"https:\/\/azrielifoundation.org\/fr\/#website\"},\"datePublished\":\"2018-01-13T22:15:02+00:00\",\"dateModified\":\"2025-01-15T13:44:52+00:00\",\"breadcrumb\":{\"@id\":\"https:\/\/azrielifoundation.org\/fr\/histoire\/notremission\/#breadcrumb\"},\"inLanguage\":\"en-US\",\"potentialAction\":[{\"@type\":\"ReadAction\",\"target\":[\"https:\/\/azrielifoundation.org\/fr\/histoire\/notremission\/\"]}]},{\"@type\":\"BreadcrumbList\",\"@id\":\"https:\/\/azrielifoundation.org\/fr\/histoire\/notremission\/#breadcrumb\",\"itemListElement\":[{\"@type\":\"ListItem\",\"position\":1,\"name\":\"Home\",\"item\":\"https:\/\/azrielifoundation.org\/fr\/\"},{\"@type\":\"ListItem\",\"position\":2,\"name\":\"Notre histoire\",\"item\":\"https:\/\/azrielifoundation.org\/fr\/histoire\/\"},{\"@type\":\"ListItem\",\"position\":3,\"name\":\"Notre mission\"}]},{\"@type\":\"WebSite\",\"@id\":\"https:\/\/azrielifoundation.org\/fr\/#website\",\"url\":\"https:\/\/azrielifoundation.org\/fr\/\",\"name\":\"The Azrieli Foundation\",\"description\":\"\",\"potentialAction\":[{\"@type\":\"SearchAction\",\"target\":{\"@type\":\"EntryPoint\",\"urlTemplate\":\"https:\/\/azrielifoundation.org\/fr\/?s={search_term_string}\"},\"query-input\":{\"@type\":\"PropertyValueSpecification\",\"valueRequired\":true,\"valueName\":\"search_term_string\"}}],\"inLanguage\":\"en-US\"}]}<\/script>\n<!-- \/ Yoast SEO plugin. -->","yoast_head_json":{"title":"Notre mission - The Azrieli Foundation","robots":{"index":"index","follow":"follow","max-snippet":"max-snippet:-1","max-image-preview":"max-image-preview:large","max-video-preview":"max-video-preview:-1"},"canonical":"https:\/\/azrielifoundation.org\/fr\/histoire\/notremission\/","og_locale":"en_US","og_type":"article","og_title":"Notre mission - The Azrieli Foundation","og_url":"https:\/\/azrielifoundation.org\/fr\/histoire\/notremission\/","og_site_name":"The Azrieli Foundation","article_modified_time":"2025-01-15T13:44:52+00:00","twitter_card":"summary_large_image","twitter_misc":{"Est. reading time":"1 minute"},"schema":{"@context":"https:\/\/schema.org","@graph":[{"@type":"WebPage","@id":"https:\/\/azrielifoundation.org\/fr\/histoire\/notremission\/","url":"https:\/\/azrielifoundation.org\/fr\/histoire\/notremission\/","name":"Notre mission - The Azrieli Foundation","isPartOf":{"@id":"https:\/\/azrielifoundation.org\/fr\/#website"},"datePublished":"2018-01-13T22:15:02+00:00","dateModified":"2025-01-15T13:44:52+00:00","breadcrumb":{"@id":"https:\/\/azrielifoundation.org\/fr\/histoire\/notremission\/#breadcrumb"},"inLanguage":"en-US","potentialAction":[{"@type":"ReadAction","target":["https:\/\/azrielifoundation.org\/fr\/histoire\/notremission\/"]}]},{"@type":"BreadcrumbList","@id":"https:\/\/azrielifoundation.org\/fr\/histoire\/notremission\/#breadcrumb","itemListElement":[{"@type":"ListItem","position":1,"name":"Home","item":"https:\/\/azrielifoundation.org\/fr\/"},{"@type":"ListItem","position":2,"name":"Notre histoire","item":"https:\/\/azrielifoundation.org\/fr\/histoire\/"},{"@type":"ListItem","position":3,"name":"Notre mission"}]},{"@type":"WebSite","@id":"https:\/\/azrielifoundation.org\/fr\/#website","url":"https:\/\/azrielifoundation.org\/fr\/","name":"The Azrieli Foundation","description":"","potentialAction":[{"@type":"SearchAction","target":{"@type":"EntryPoint","urlTemplate":"https:\/\/azrielifoundation.org\/fr\/?s={search_term_string}"},"query-input":{"@type":"PropertyValueSpecification","valueRequired":true,"valueName":"search_term_string"}}],"inLanguage":"en-US"}]}},"_links":{"self":[{"href":"https:\/\/azrielifoundation.org\/fr\/wp-json\/wp\/v2\/pages\/4130","targetHints":{"allow":["GET"]}}],"collection":[{"href":"https:\/\/azrielifoundation.org\/fr\/wp-json\/wp\/v2\/pages"}],"about":[{"href":"https:\/\/azrielifoundation.org\/fr\/wp-json\/wp\/v2\/types\/page"}],"author":[{"embeddable":true,"href":"https:\/\/azrielifoundation.org\/fr\/wp-json\/wp\/v2\/users\/8"}],"replies":[{"embeddable":true,"href":"https:\/\/azrielifoundation.org\/fr\/wp-json\/wp\/v2\/comments?post=4130"}],"version-history":[{"count":15,"href":"https:\/\/azrielifoundation.org\/fr\/wp-json\/wp\/v2\/pages\/4130\/revisions"}],"predecessor-version":[{"id":70485,"href":"https:\/\/azrielifoundation.org\/fr\/wp-json\/wp\/v2\/pages\/4130\/revisions\/70485"}],"up":[{"embeddable":true,"href":"https:\/\/azrielifoundation.org\/fr\/wp-json\/wp\/v2\/pages\/4138"}],"wp:attachment":[{"href":"https:\/\/azrielifoundation.org\/fr\/wp-json\/wp\/v2\/media?parent=4130"}],"curies":[{"name":"wp","href":"https:\/\/api.w.org\/{rel}","templated":true}]}}