{"id":26176,"date":"2020-04-02T15:05:34","date_gmt":"2020-04-02T15:05:34","guid":{"rendered":"https:\/\/theazrielifoundationfr.kinsta.cloud\/?page_id=26176"},"modified":"2022-04-26T21:27:14","modified_gmt":"2022-04-26T21:27:14","slug":"politique-de-confidentialite","status":"publish","type":"page","link":"https:\/\/azrielifoundation.org\/fr\/politique-de-confidentialite\/","title":{"rendered":"Politique de confidentialit\u00e9"},"content":{"rendered":"\n<style type=\"text\/css\" data-created_by=\"avia_inline_auto\" id=\"style-css-av-uxwfvk-0cc4e584d25cb2b846ba7f0a0180bdf3\">\n.flex_column.av-uxwfvk-0cc4e584d25cb2b846ba7f0a0180bdf3{\nborder-radius:0px 0px 0px 0px;\npadding:0px 0px 0px 0px;\n}\n<\/style>\n<div  class='flex_column av-uxwfvk-0cc4e584d25cb2b846ba7f0a0180bdf3 av_one_full  avia-builder-el-0  avia-builder-el-no-sibling  first flex_column_div av-zero-column-padding  '     ><section  class='av_textblock_section av-k8kgeke4-da029928b0719f4920ace5795a2318b5 '   itemscope=\"itemscope\" itemtype=\"https:\/\/schema.org\/CreativeWork\" ><div class='avia_textblock'  itemprop=\"text\" ><h2 style=\"text-align: center;\">La Fondation Azrieli Canada &#8211; Politique de confidentialit\u00e9<\/h2>\n<p>La Fondation Azrieli Canada (\u00ab\u00a0nous\u00a0\u00bb ou \u00ab\u00a0la Fondation\u00a0\u00bb) a pour mission d\u2019am\u00e9liorer la qualit\u00e9 de vie des g\u00e9n\u00e9rations actuelles et futures \u00e0 travers son engagement pour l\u2019\u00e9ducation, la recherche, les soins de sant\u00e9 et les arts, principalement au Canada et en Isra\u00ebl. Dans le cadre de ses activit\u00e9s, la Fondation peut \u00eatre appel\u00e9e \u00e0 collecter des renseignements personnels. Cette politique de confidentialit\u00e9 vous permettra de conna\u00eetre notre processus de traitement des renseignements personnels, et d\u2019obtenir plus de pr\u00e9cisions sur la fa\u00e7on dont nous les g\u00e9rons.<\/p>\n<p>Aux fins de cette politique et conform\u00e9ment aux lois f\u00e9d\u00e9rales et provinciales applicables, l\u2019expression \u00ab\u00a0renseignements personnels\u00a0\u00bb renvoie \u00e0 tout renseignement concernant une personne, ou qui peut \u00eatre associ\u00e9 \u00e0 cette personne.<\/p>\n<h3>Nos programmes\u00a0: les renseignements personnels que nous recueillons<\/h3>\n<p>La Fondation peut \u00eatre appel\u00e9e \u00e0 recueillir des renseignements personnels aupr\u00e8s des personnes qui participent ou se montrent int\u00e9ress\u00e9s \u00e0 ses divers projets, programmes et activit\u00e9s. Cela comprend les participants \u00e0 diverses activit\u00e9s et programmes de la Fondation, les parties int\u00e9ress\u00e9es par les activit\u00e9s et programmes de la Fondation, les candidats \u00e0 divers programmes de la Fondation, les membres du conseil d&#8217;administration, les b\u00e9n\u00e9voles, les organisateurs d\u2019\u00e9v\u00e9nements et les fournisseurs de services externes avec lesquels elle travaille.<\/p>\n<p>En plus de r\u00e9aliser des investissements philanthropiques strat\u00e9giques aupr\u00e8s d\u2019organisations de petite et de grande envergure, la Fondation g\u00e8re plusieurs programmes qui n\u00e9cessitent la collecte de renseignements personnels. Ces programmes sont le <a href=\"https:\/\/memoirs.azrielifoundation.org\/fr\/\">Programme des m\u00e9moires de survivants de l\u2019Holocauste<\/a>, les <a href=\"https:\/\/theazrielifoundationfr.kinsta.cloud\/nosaxesprioritaires\/musique-arts\/pam\/\">Prix Azrieli de musique,<\/a> le <a href=\"https:\/\/architectureprize.azrielifoundation.org\/en\/\">Prix Azrieli d\u2019architecture<\/a>, le <a href=\"https:\/\/azrielifoundation.org\/fellows\/\">Programme de bourses Azrieli<\/a> le <a href=\"https:\/\/theazrielifoundationfr.kinsta.cloud\/nosaxesprioritaires\/science-recherche-sante\/programme-de-subventions-scientifiques-azrieli\/\">Programme Azrieli de subventions scientifiques,<\/a> et le <a href=\"https:\/\/canadiancaregiving.org\/fr\/\">Centre canadien d\u2019excellence pour les aidants (CCEA).<\/a><\/p>\n<p><strong>Le Programme des m\u00e9moires de survivants de l\u2019Holocauste :\u00a0<\/strong>Les renseignements personnels recueillis, dans le cadre de ce programme, comprennent habituellement les coordonn\u00e9es (nom, adresse, adresse courriel, num\u00e9ro de t\u00e9l\u00e9phone) n\u00e9cessaires \u00e0 l\u2019envoi des livres fournis. La Fondation recueille \u00e9galement les coordonn\u00e9es des personnes touch\u00e9es par les \u00e9v\u00e9nements associ\u00e9s \u00e0 ce programme, soit directement aupr\u00e8s d\u2019elles ou par l\u2019entremise des organisateurs. Puisque les livres de la Fondation sont souvent command\u00e9s par des enseignants \u00e0 des fins p\u00e9dagogiques, nous recueillons aussi parfois les renseignements qui suivent\u00a0: le nom de l\u2019\u00e9tablissement, le niveau de scolarit\u00e9 des \u00e9l\u00e8ves et la mati\u00e8re enseign\u00e9e.<\/p>\n<p><strong>Les Prix Azrieli de musique :\u00a0<\/strong>Depuis f\u00e9vrier 2019, tous les documents et les supports m\u00e9dias \u00e0 l\u2019appui des demandes \u00e9mises dans le cadre de ce concours sont soumis \u00e9lectroniquement au moyen d\u2019un formulaire de candidature en ligne g\u00e9r\u00e9 par un site internet externe. Toutes les informations sur les candidats et les pi\u00e8ces justificatives sont diffus\u00e9es aux jur\u00e9s du concours<\/p>\n<p><strong>Le Prix Azrieli d\u2019architecture :\u00a0<\/strong>La Fondation a confi\u00e9 \u00e0 l\u2019organisme de bienfaisance isra\u00e9lien Keren Azrieli (Israel A.R.) l\u2019administration de ce programme. Keren Azrieli conserve dans son serveur tous les renseignements portant sur les candidats au prix. Tous les renseignements sur les candidats ainsi que les documents \u00e0 l\u2019appui de leur demande sont transmis aux jur\u00e9s.<\/p>\n<p><strong>Le Programme de bourses Azrieli :\u00a0<\/strong>La Fondation a confi\u00e9 \u00e0 l\u2019organisme de bienfaisance isra\u00e9lien Keren Azrieli (Israel A.R.) l\u2019administration de ce programme. Keren Azrieli conserve dans son serveur tous les renseignements concernant les candidats au programme. Les demandes, les lettres de r\u00e9f\u00e9rence et les documents \u00e0 l\u2019appui sont partag\u00e9s avec la Fondation, le comit\u00e9 de s\u00e9lection et le comit\u00e9 charg\u00e9 des entretiens, les universit\u00e9s participantes, ainsi que les fournisseurs de biens et de services engag\u00e9s pour administrer le programme.<\/p>\n<p><strong>Le Programme Azrieli de subventions scientifiques:\u00a0<\/strong>La Fondation lance des appels de propositions \u00e0 la communaut\u00e9 universitaire dans les domaines li\u00e9s \u00e0 la science et \u00e0 la recherche biom\u00e9dicale. Les renseignements fournis par les candidats (nom et coordonn\u00e9es) sont soit recueillis sur un site internet externe, soit directement collecter par la Fondation. Les demandes, les lettres de r\u00e9f\u00e9rence et les documents \u00e0 l\u2019appui sont transmis \u00e0 la Fondation, aux conseillers ainsi qu\u2019aux membres du comit\u00e9 de r\u00e9vision qui sont recrut\u00e9s au sein de la communaut\u00e9 scientifique.<\/p>\n<p><strong>Le Centre canadien d\u2019excellence pour les aidants (CCEA).<\/strong> Le Centre candien d\u2019excellence pour les aidants est soutenu par la Fondation Azrieli, mais fonctionne de mani\u00e8re ind\u00e9pendante. Au cours de ses diverses activit\u00e9s, le CCEA peut recueillir des renseignements personnels aupr\u00e8s des partenaires du programme, des participants, des demandeurs de subventions, des organismes externes int\u00e9ress\u00e9s par les activit\u00e9s du CCEA, des membres du conseil d&#8217;administration, des b\u00e9n\u00e9voles, des organisateurs d&#8217;\u00e9v\u00e9nements et des fournisseurs de services.<\/p>\n<h3>Comment la Fondation dispose des renseignements personnels<\/h3>\n<p>Les renseignements personnels recueillis par la Fondation servent \u00e0\u00a0:<\/p>\n<ol>\n<li>administrer et g\u00e9rer les activit\u00e9s et les programmes de la Fondation, notamment en ce qui a trait aux candidats, \u00e9tudiants aux cycles sup\u00e9rieurs, anciens et autres participants, comit\u00e9s de s\u00e9lection et comit\u00e9s charg\u00e9s des entretiens, ainsi que des jur\u00e9s;<\/li>\n<li>communiquer et \u00e0 fournir des renseignements au sujet des activit\u00e9s de la Fondation au public ainsi qu\u2019aux parties prenantes;<\/li>\n<li>examiner ou r\u00e9pondre \u00e0 la r\u00e9troaction, aux commentaires, aux photos, aux vid\u00e9os ou \u00e0 d\u2019autres renseignements transmis \u00e0 la Fondation au moyen des m\u00e9dias sociaux, de sondages ou des sections interactives de notre site internet;<\/li>\n<li>administrer, sauvegarder et am\u00e9liorer nos programmes, nos sites, nos syst\u00e8mes, nos locaux, nos \u00e9v\u00e9nements et toute autre activit\u00e9 de la Fondation;<\/li>\n<li>prot\u00e9ger les droits de la Fondation et la s\u00e9curit\u00e9 d\u2019autrui;<\/li>\n<li>nous conformer aux obligations l\u00e9gales applicables.<\/li>\n<\/ol>\n<p>La Fondation ne partage pas, ne transf\u00e8re pas, n\u2019\u00e9change pas et ne divulgue pas de renseignements personnels \u00e0 des tiers, sauf lorsqu\u2019il s\u2019agit de soutenir sa mission, ses activit\u00e9s et ses programmes. De fa\u00e7on plus sp\u00e9cifique, il se peut que la Fondation partage des renseignements personnels avec des employ\u00e9s, des agents, des entit\u00e9s affili\u00e9es ainsi que certains tiers non affili\u00e9s (des comit\u00e9s de s\u00e9lection, des comit\u00e9s charg\u00e9s des entretiens, des jur\u00e9s, des entrepreneurs, des fournisseurs de biens ou de services) qui aident la Fondation \u00e0 r\u00e9pondre aux besoins li\u00e9s \u00e0 nos activit\u00e9s et nos programmes. Il se peut \u00e9galement que la Fondation divulgue des renseignements personnels aux autorit\u00e9s gouvernementales canadiennes et isra\u00e9liennes, qui en ont besoin conform\u00e9ment aux lois applicables.<\/p>\n<p>La Fondation ne vend, en aucun cas, de renseignements personnels \u00e0 des tiers aux fins de collecte de fonds ou des fins marketing.<\/p>\n<h3>Notre utilisation de la technologie Internet<\/h3>\n<p>Les t\u00e9moins de connexion (\u00ab\u00a0cookies\u00a0\u00bb) et autres technologies en relation \u00e0 notre site internet et nos plateformes de m\u00e9dia social. \u00c0 moins que vous ayez r\u00e9gl\u00e9 les param\u00e8tres de votre navigateur, il se peut que des t\u00e9moins de connexion soient transmis \u00e0 votre ordinateur lorsque vous visitez notre site et nos diverses plateformes de m\u00e9dia social. En les parcourant, vous consentez \u00e0 accepter que des t\u00e9moins ou des technologies similaires soient partag\u00e9s sur votre ordinateur ou votre appareil.<\/p>\n<p><strong>T\u00e9moins de connexion :\u00a0<\/strong>Le site peut employer des t\u00e9moins de connexion, qui se traduisent par de petits fichiers textes et s\u2019enregistrent dans votre ordinateur ou votre appareil. La Fondation utilise de tels t\u00e9moins pour se souvenir des usagers qui consultent nos sites, noter leurs pr\u00e9f\u00e9rences, et comprendre leurs besoins.<\/p>\n<p><strong>T\u00e9moins de connexion publicitaires :\u00a0<\/strong>Le site internet de la Fondation emploie Google Ads, un programme publicitaire en ligne de Google Inc. (\u00ab\u00a0Google\u00a0\u00bb) qui \u00e9met un t\u00e9moin de suivi des conversions d\u00e8s qu\u2019un visiteur clique sur une annonce affich\u00e9e par Google. Ces t\u00e9moins, qui expirent apr\u00e8s 30 jours, permettent \u00e0 Google de compiler des statistiques de conversion (le nombre d\u2019internautes qui ont cliqu\u00e9 sur l\u2019annonce pour acc\u00e9der \u00e0 cette page). Les annonceurs n\u2019obtiennent aucun renseignement leur permettant d\u2019identifier les utilisateurs. Le t\u00e9moin de suivi des conversions Google peut \u00eatre d\u00e9sactiv\u00e9 en modifiant les param\u00e8tres de votre navigateur de mani\u00e8re \u00e0 \u00ab\u00a0accepter\u00a0\u00bb ou \u00ab\u00a0refuser\u00a0\u00bb ce t\u00e9moin selon les cas, \u00e0 l\u2019accepter ou le refuser automatiquement dans certaines conditions, ou \u00e0 le supprimer automatiquement chaque fois que vous \u00e9teignez votre navigateur. Pour plus de pr\u00e9cisions, veuillez consulter la politique de Google en mati\u00e8re de confidentialit\u00e9.<\/p>\n<p><strong>URL \u00e0 option d\u2019adh\u00e9sion :\u00a0<\/strong>Si vous demandez \u00e0 recevoir une infolettre, des mises \u00e0 jour ou toute autre information de notre part, il se peut que nos courriels emploient une \u00ab\u00a0URL\u00a0\u00e0 option d\u2019adh\u00e9sion\u00a0\u00bb li\u00e9e \u00e0 certains contenus de notre site. Lorsque vous cliquez sur une de ces URL, votre demande est achemin\u00e9e \u00e0 un serveur internet distinct avant de se rendre \u00e0 la page de destination de nos sites. Les donn\u00e9es ainsi recueillies nous permettent de mieux comprendre comment les internautes r\u00e9pondent \u00e0 ou interagissent avec nos courriels.<\/p>\n<p><strong>Services d\u2019analyse externes :\u00a0<\/strong>La Fondation a recours \u00e0 divers services d\u2019analyse externes, y compris Google Analytics, afin de recueillir des renseignements sur la mani\u00e8re dont est utilis\u00e9 le site, ce qui permet d\u2019y apporter des am\u00e9liorations. Ces services d\u2019analyse externes emploient des t\u00e9moins de connexion et d\u2019autres technologies du m\u00eame type pour recueillir des donn\u00e9es les tendances li\u00e9es au site, sans toutefois fournir l\u2019identit\u00e9 des utilisateurs.<\/p>\n<p><strong>Modules externes\/ m\u00e9dias sociaux et vid\u00e9o :\u00a0<\/strong>Si vous d\u00e9cidez de partager nos contenus num\u00e9riques avec des amis au moyen des m\u00e9dias sociaux (Facebook, Twitter ou LinkedIn) ou de visionner une vid\u00e9o afficher sur un site m\u00e9dia externe comme YouTube, il se peut que vous receviez des t\u00e9moins de connexion de certains de ces sites internet. La Fondation ne contr\u00f4le pas le r\u00e9glage de ces modules externes et de ces t\u00e9moins, et ne sait aucunement ce que contiennent les donn\u00e9es transmises. Veuillez consulter les plateformes de ces sites de m\u00e9dia social pour en apprendre davantage sur leurs politiques de confidentialit\u00e9, ou pour savoir comment modifier les param\u00e8tres de votre compte afin de g\u00e9rer ces t\u00e9moins ainsi que les autres technologies du m\u00eame genre qu\u2019ils emploient.<\/p>\n<h3>Consentement<\/h3>\n<p><strong>Consentement :\u00a0<\/strong>Sauf lorsque la loi le permet, la Fondation ne recueillera pas de renseignements personnels \u00e0 votre sujet sans obtenir votre consentement. Dans certains cas, votre consentement peut \u00eatre \u00e9mis par vos actions, par exemple, lorsque vous fournissez vos coordonn\u00e9es lors d\u2019un de nos \u00e9v\u00e9nements ou quand vous commandez un livre dans le cadre de notre Programme des m\u00e9moires de survivants de l\u2019Holocauste. En donnant vos renseignements personnels \u00e0 la Fondation, vous consentez \u00e0 ce que nous les recueillions, divulguions ou traitions conform\u00e9ment \u00e0 cette Politique de confidentialit\u00e9.<\/p>\n<p><strong>Retrait du consentement :\u00a0<\/strong>Sous r\u00e9serve du pr\u00e9sent paragraphe, vous pouvez retirer votre consentement \u00e0 l\u2019utilisation de vos renseignements personnels par la Fondation. Si vous le faites, cela pourrait nous emp\u00eacher de vous tenir au courant de nos programmes, de nos offres ou de nos services.<\/p>\n<p>Veuillez noter qu\u2019il se peut que vous ne puissiez pas retirer votre consentement en raison d\u2019exigences l\u00e9gales, r\u00e8glementaires ou contractuelles. Pour retirer votre consentement, contactez la Fondation \u00e0 l\u2019adresse indiqu\u00e9e ci-dessous dans la rubrique \u00ab\u00a0R\u00e9ponses \u00e0 vos questions sur la confidentialit\u00e9\u00a0\u00bb.<\/p>\n<p>Veuillez noter que dans certaines circonstances, la loi canadienne permet ou exige l\u2019utilisation ou la divulgation de renseignements personnels sans consentement, notamment dans des situations o\u00f9 cela est requis par la loi, ou lorsque cela s\u2019av\u00e8re n\u00e9cessaire pour prot\u00e9ger la Fondation, nos employ\u00e9s ou d\u2019autres personnes. Dans les cas o\u00f9 la Fondation estime que la divulgation de renseignements personnels sans consentement est appropri\u00e9e, nous limiterons la divulgation aux renseignements jug\u00e9s n\u00e9cessaires.<\/p>\n<h3>Mesures de s\u00e9curit\u00e9, exactitude et conservation<\/h3>\n<p><strong>Comment nous prot\u00e9geons vos renseignements :<\/strong>\u00a0La Fondation s\u2019efforce de maintenir les mesures de s\u00e9curit\u00e9 physiques, proc\u00e9durales et techniques appropri\u00e9es en ce qui concerne nos bureaux et nos installations de stockage de donn\u00e9es, de mani\u00e8re \u00e0 emp\u00eacher la perte, l\u2019utilisation abusive, l\u2019acc\u00e8s non autoris\u00e9, la divulgation ou la modification de renseignements personnels qu\u2019elle d\u00e9tient. Ces mesures s\u2019appliquent \u00e9galement au retrait et \u00e0 la destruction de ces renseignements.<\/p>\n<p>La Fondation fait ce qui est en notre pouvoir pour nous assurer que tous les renseignements que qu\u2019elle d\u00e9tient sont \u00e0 jour et aussi complets que n\u00e9cessaire, pour les fins auxquelles elle les utilise.<\/p>\n<p><strong>O\u00f9 nous stockons vos renseignements :<\/strong>\u00a0Il se peut que vos renseignements personnels soient utilis\u00e9s, stock\u00e9s ou obtenus de serveurs se trouvant \u00e0 l\u2019ext\u00e9rieur du Canada, y compris en Isra\u00ebl. Lorsque des renseignements personnels sont conserv\u00e9s \u00e0 l\u2019ext\u00e9rieur du Canada, ils sont sujets aux lois applicables dans le pays en question.<\/p>\n<p><strong>Combien de temps gardons-nous vos renseignements :<\/strong>\u00a0La Fondation conserve activement vos renseignements personnels aussi longtemps que cela est n\u00e9cessaire pour maintenir sa relation avec vous ou si cela est requis par les lois f\u00e9d\u00e9rales et provinciales. Selon la nature des informations et la finalit\u00e9 pour laquelle elles ont \u00e9t\u00e9 collect\u00e9es, cette dur\u00e9e peut varier.<\/p>\n<h3>L\u2019acc\u00e8s<\/h3>\n<p>La Fondation offre un droit d\u2019acc\u00e8s et de correction raisonnable, et s\u2019efforcera de fournir les renseignements personnels demand\u00e9s dans un d\u00e9lai raisonnable.<\/p>\n<p>Une preuve d\u2019identit\u00e9 peut \u00eatre exig\u00e9e pour que nous puissions vous transmettre vos renseignements personnels. Si vous avez besoin de recevoir les documents sous une autre forme, la Fondation fera tout ce qui peut raisonnablement \u00eatre attendu de sa part pour satisfaire votre demande. Si la r\u00e9cup\u00e9ration et la transmission de certains renseignements demand\u00e9s engagent des frais, la Fondation vous en informera au pr\u00e9alable et ne fera aucune d\u00e9marche avant que vous l\u2019en ayez avis\u00e9 que vous consentez \u00e0 ces frais.<\/p>\n<p>Il se peut que la Fondation refuse l\u2019acc\u00e8s \u00e0 des renseignements personnels dans les circonstances o\u00f9 l\u2019acc\u00e8s donnerait lieu \u00e0 la divulgation de renseignements confidentiels au sujet d\u2019une autre personne, ou lorsque la divulgation de ces renseignements n\u2019est pas autoris\u00e9e ou est interdite par la loi.<\/p>\n<h3>R\u00e9ponses \u00e0 vos questions sur la confidentialit\u00e9<\/h3>\n<p>Si vous avez des questions sur la mani\u00e8re dont la Fondation g\u00e8re ou utilise vos renseignements personnels, veuillez contacter notre agent de protection de la vie priv\u00e9e au\u00a0:<\/p>\n<p>2 St. Clair Avenue West,<br \/>\nSuite 900<br \/>\nToronto, Ontario<br \/>\nM4V 1L5<br \/>\nT\u00e9l\u00a0: + 1-416-322-5928<\/p>\n<p>Si la Fondation n\u2019est pas en mesure de r\u00e9pondre \u00e0 vos questions, vous pouvez les porter \u00e0 l\u2019attention du Bureau du Commissariat \u00e0 la protection de la vie priv\u00e9e du Canada.<\/p>\n<\/div><\/section><\/div>\n","protected":false},"excerpt":{"rendered":"","protected":false},"author":19,"featured_media":0,"parent":0,"menu_order":0,"comment_status":"closed","ping_status":"closed","template":"","meta":{"_acf_changed":false,"inline_featured_image":false,"footnotes":""},"class_list":["post-26176","page","type-page","status-publish","hentry"],"acf":[],"yoast_head":"<!-- This site is optimized with the Yoast SEO plugin v27.3 - https:\/\/yoast.com\/product\/yoast-seo-wordpress\/ -->\n<title>Politique de confidentialit\u00e9 - The Azrieli Foundation<\/title>\n<meta name=\"robots\" content=\"index, nofollow, max-snippet:-1, max-image-preview:large, max-video-preview:-1\" \/>\n<link rel=\"canonical\" href=\"https:\/\/azrielifoundation.org\/fr\/politique-de-confidentialite\/\" \/>\n<meta property=\"og:locale\" content=\"en_US\" \/>\n<meta property=\"og:type\" content=\"article\" \/>\n<meta property=\"og:title\" content=\"Politique de confidentialit\u00e9 - The Azrieli Foundation\" \/>\n<meta property=\"og:url\" content=\"https:\/\/azrielifoundation.org\/fr\/politique-de-confidentialite\/\" \/>\n<meta property=\"og:site_name\" content=\"The Azrieli Foundation\" \/>\n<meta property=\"article:modified_time\" content=\"2022-04-26T21:27:14+00:00\" \/>\n<meta name=\"twitter:card\" content=\"summary_large_image\" \/>\n<meta name=\"twitter:label1\" content=\"Est. reading time\" \/>\n\t<meta name=\"twitter:data1\" content=\"11 minutes\" \/>\n<script type=\"application\/ld+json\" class=\"yoast-schema-graph\">{\"@context\":\"https:\\\/\\\/schema.org\",\"@graph\":[{\"@type\":\"WebPage\",\"@id\":\"https:\\\/\\\/azrielifoundation.org\\\/fr\\\/politique-de-confidentialite\\\/\",\"url\":\"https:\\\/\\\/azrielifoundation.org\\\/fr\\\/politique-de-confidentialite\\\/\",\"name\":\"Politique de confidentialit\u00e9 - The Azrieli Foundation\",\"isPartOf\":{\"@id\":\"https:\\\/\\\/azrielifoundation.org\\\/fr\\\/#website\"},\"datePublished\":\"2020-04-02T15:05:34+00:00\",\"dateModified\":\"2022-04-26T21:27:14+00:00\",\"breadcrumb\":{\"@id\":\"https:\\\/\\\/azrielifoundation.org\\\/fr\\\/politique-de-confidentialite\\\/#breadcrumb\"},\"inLanguage\":\"en-US\",\"potentialAction\":[{\"@type\":\"ReadAction\",\"target\":[\"https:\\\/\\\/azrielifoundation.org\\\/fr\\\/politique-de-confidentialite\\\/\"]}]},{\"@type\":\"BreadcrumbList\",\"@id\":\"https:\\\/\\\/azrielifoundation.org\\\/fr\\\/politique-de-confidentialite\\\/#breadcrumb\",\"itemListElement\":[{\"@type\":\"ListItem\",\"position\":1,\"name\":\"Home\",\"item\":\"https:\\\/\\\/azrielifoundation.org\\\/fr\\\/\"},{\"@type\":\"ListItem\",\"position\":2,\"name\":\"Politique de confidentialit\u00e9\"}]},{\"@type\":\"WebSite\",\"@id\":\"https:\\\/\\\/azrielifoundation.org\\\/fr\\\/#website\",\"url\":\"https:\\\/\\\/azrielifoundation.org\\\/fr\\\/\",\"name\":\"The Azrieli Foundation\",\"description\":\"\",\"potentialAction\":[{\"@type\":\"SearchAction\",\"target\":{\"@type\":\"EntryPoint\",\"urlTemplate\":\"https:\\\/\\\/azrielifoundation.org\\\/fr\\\/?s={search_term_string}\"},\"query-input\":{\"@type\":\"PropertyValueSpecification\",\"valueRequired\":true,\"valueName\":\"search_term_string\"}}],\"inLanguage\":\"en-US\"}]}<\/script>\n<!-- \/ Yoast SEO plugin. -->","yoast_head_json":{"title":"Politique de confidentialit\u00e9 - The Azrieli Foundation","robots":{"index":"index","follow":"nofollow","max-snippet":"max-snippet:-1","max-image-preview":"max-image-preview:large","max-video-preview":"max-video-preview:-1"},"canonical":"https:\/\/azrielifoundation.org\/fr\/politique-de-confidentialite\/","og_locale":"en_US","og_type":"article","og_title":"Politique de confidentialit\u00e9 - The Azrieli Foundation","og_url":"https:\/\/azrielifoundation.org\/fr\/politique-de-confidentialite\/","og_site_name":"The Azrieli Foundation","article_modified_time":"2022-04-26T21:27:14+00:00","twitter_card":"summary_large_image","twitter_misc":{"Est. reading time":"11 minutes"},"schema":{"@context":"https:\/\/schema.org","@graph":[{"@type":"WebPage","@id":"https:\/\/azrielifoundation.org\/fr\/politique-de-confidentialite\/","url":"https:\/\/azrielifoundation.org\/fr\/politique-de-confidentialite\/","name":"Politique de confidentialit\u00e9 - The Azrieli Foundation","isPartOf":{"@id":"https:\/\/azrielifoundation.org\/fr\/#website"},"datePublished":"2020-04-02T15:05:34+00:00","dateModified":"2022-04-26T21:27:14+00:00","breadcrumb":{"@id":"https:\/\/azrielifoundation.org\/fr\/politique-de-confidentialite\/#breadcrumb"},"inLanguage":"en-US","potentialAction":[{"@type":"ReadAction","target":["https:\/\/azrielifoundation.org\/fr\/politique-de-confidentialite\/"]}]},{"@type":"BreadcrumbList","@id":"https:\/\/azrielifoundation.org\/fr\/politique-de-confidentialite\/#breadcrumb","itemListElement":[{"@type":"ListItem","position":1,"name":"Home","item":"https:\/\/azrielifoundation.org\/fr\/"},{"@type":"ListItem","position":2,"name":"Politique de confidentialit\u00e9"}]},{"@type":"WebSite","@id":"https:\/\/azrielifoundation.org\/fr\/#website","url":"https:\/\/azrielifoundation.org\/fr\/","name":"The Azrieli Foundation","description":"","potentialAction":[{"@type":"SearchAction","target":{"@type":"EntryPoint","urlTemplate":"https:\/\/azrielifoundation.org\/fr\/?s={search_term_string}"},"query-input":{"@type":"PropertyValueSpecification","valueRequired":true,"valueName":"search_term_string"}}],"inLanguage":"en-US"}]}},"_links":{"self":[{"href":"https:\/\/azrielifoundation.org\/fr\/wp-json\/wp\/v2\/pages\/26176","targetHints":{"allow":["GET"]}}],"collection":[{"href":"https:\/\/azrielifoundation.org\/fr\/wp-json\/wp\/v2\/pages"}],"about":[{"href":"https:\/\/azrielifoundation.org\/fr\/wp-json\/wp\/v2\/types\/page"}],"author":[{"embeddable":true,"href":"https:\/\/azrielifoundation.org\/fr\/wp-json\/wp\/v2\/users\/19"}],"replies":[{"embeddable":true,"href":"https:\/\/azrielifoundation.org\/fr\/wp-json\/wp\/v2\/comments?post=26176"}],"version-history":[{"count":10,"href":"https:\/\/azrielifoundation.org\/fr\/wp-json\/wp\/v2\/pages\/26176\/revisions"}],"predecessor-version":[{"id":31237,"href":"https:\/\/azrielifoundation.org\/fr\/wp-json\/wp\/v2\/pages\/26176\/revisions\/31237"}],"wp:attachment":[{"href":"https:\/\/azrielifoundation.org\/fr\/wp-json\/wp\/v2\/media?parent=26176"}],"curies":[{"name":"wp","href":"https:\/\/api.w.org\/{rel}","templated":true}]}}